{"id":7622,"date":"2023-05-18T14:04:44","date_gmt":"2023-05-18T14:04:44","guid":{"rendered":"https:\/\/maritimetraining.gr\/cook-islands\/"},"modified":"2023-07-19T09:20:59","modified_gmt":"2023-07-19T09:20:59","slug":"cook-islands","status":"publish","type":"page","link":"https:\/\/maritimetraining.gr\/es\/cook-islands\/","title":{"rendered":"Islas Cook"},"content":{"rendered":"[vc_row type=&#8221;full_width_background&#8221; full_screen_row_position=&#8221;middle&#8221; column_margin=&#8221;default&#8221; column_direction=&#8221;default&#8221; column_direction_tablet=&#8221;default&#8221; column_direction_phone=&#8221;default&#8221; bg_image=&#8221;6903&#8243; bg_image_tablet=&#8221;6919&#8243; bg_image_phone=&#8221;6919&#8243; bg_position=&#8221;left center&#8221; background_image_loading=&#8221;default&#8221; bg_repeat=&#8221;no-repeat&#8221; scene_position=&#8221;center&#8221; top_padding=&#8221;12%&#8221; bottom_padding=&#8221;15%&#8221; text_color=&#8221;light&#8221; text_align=&#8221;left&#8221; row_border_radius=&#8221;none&#8221; row_border_radius_applies=&#8221;bg&#8221; overflow=&#8221;visible&#8221; class=&#8221;teseract&#8221; enable_gradient=&#8221;true&#8221; color_overlay=&#8221;#ffffff&#8221; color_overlay_2=&#8221;#3a79ae&#8221; advanced_gradient_angle=&#8221;0&#8243; overlay_strength=&#8221;0.8&#8243; gradient_direction=&#8221;left_t_to_right_b&#8221; enable_shape_divider=&#8221;true&#8221; shape_divider_color=&#8221;#ffffff&#8221; shape_divider_position=&#8221;bottom&#8221; shape_divider_height=&#8221;150px&#8221; bg_image_animation=&#8221;none&#8221; video_mute=&#8221;true&#8221; shape_type=&#8221;speech&#8221; gradient_type=&#8221;default&#8221;][vc_column column_padding=&#8221;no-extra-padding&#8221; column_padding_tablet=&#8221;inherit&#8221; column_padding_phone=&#8221;inherit&#8221; column_padding_position=&#8221;all&#8221; column_element_spacing=&#8221;default&#8221; background_color_opacity=&#8221;1&#8243; background_hover_color_opacity=&#8221;1&#8243; column_shadow=&#8221;none&#8221; column_border_radius=&#8221;none&#8221; column_link_target=&#8221;_self&#8221; column_position=&#8221;default&#8221; gradient_direction=&#8221;left_to_right&#8221; overlay_strength=&#8221;0.3&#8243; width=&#8221;1\/6&#8243; tablet_width_inherit=&#8221;default&#8221; tablet_text_alignment=&#8221;default&#8221; phone_text_alignment=&#8221;default&#8221; animation_type=&#8221;default&#8221; bg_image_animation=&#8221;none&#8221; border_type=&#8221;simple&#8221; column_border_width=&#8221;none&#8221; column_border_style=&#8221;solid&#8221;][\/vc_column][vc_column column_padding=&#8221;padding-1-percent&#8221; column_padding_tablet=&#8221;inherit&#8221; column_padding_phone=&#8221;inherit&#8221; column_padding_position=&#8221;all&#8221; column_element_spacing=&#8221;default&#8221; centered_text=&#8221;true&#8221; background_color_opacity=&#8221;1&#8243; background_hover_color_opacity=&#8221;1&#8243; column_shadow=&#8221;none&#8221; column_border_radius=&#8221;none&#8221; column_link_target=&#8221;_self&#8221; column_position=&#8221;default&#8221; gradient_direction=&#8221;left_to_right&#8221; overlay_strength=&#8221;0.3&#8243; width=&#8221;2\/3&#8243; tablet_width_inherit=&#8221;default&#8221; tablet_text_alignment=&#8221;default&#8221; phone_text_alignment=&#8221;default&#8221; animation_type=&#8221;default&#8221; bg_image_animation=&#8221;none&#8221; border_type=&#8221;simple&#8221; column_border_width=&#8221;none&#8221; column_border_style=&#8221;solid&#8221;][vc_custom_heading text=&#8221;Islas Cook&#8221; font_container=&#8221;tag:h2|font_size:33|text_align:center|color:%23000000|line_height:40px&#8221; use_theme_fonts=&#8221;yes&#8221; css_animation=&#8221;fadeInDown&#8221;][vc_column_text css_animation=&#8221;fadeInUp&#8221; css=&#8221;.vc_custom_1658745348722{margin-bottom: 15px !important;}&#8221; el_class=&#8221;blackfont&#8221;][\/vc_column_text][divider line_type=&#8221;No Line&#8221; custom_height=&#8221;45px&#8221;][\/vc_column][vc_column column_padding=&#8221;no-extra-padding&#8221; column_padding_tablet=&#8221;inherit&#8221; column_padding_phone=&#8221;inherit&#8221; column_padding_position=&#8221;all&#8221; column_element_spacing=&#8221;default&#8221; background_color_opacity=&#8221;1&#8243; background_hover_color_opacity=&#8221;1&#8243; column_shadow=&#8221;none&#8221; column_border_radius=&#8221;none&#8221; column_link_target=&#8221;_self&#8221; column_position=&#8221;default&#8221; gradient_direction=&#8221;left_to_right&#8221; overlay_strength=&#8221;0.3&#8243; width=&#8221;1\/6&#8243; tablet_width_inherit=&#8221;default&#8221; tablet_text_alignment=&#8221;default&#8221; phone_text_alignment=&#8221;default&#8221; animation_type=&#8221;default&#8221; bg_image_animation=&#8221;none&#8221; border_type=&#8221;simple&#8221; column_border_width=&#8221;none&#8221; column_border_style=&#8221;solid&#8221;][\/vc_column][\/vc_row][vc_row type=&#8221;in_container&#8221; full_screen_row_position=&#8221;middle&#8221; column_margin=&#8221;default&#8221; column_direction=&#8221;default&#8221; column_direction_tablet=&#8221;default&#8221; column_direction_phone=&#8221;default&#8221; scene_position=&#8221;center&#8221; top_padding=&#8221;2%&#8221; text_color=&#8221;dark&#8221; text_align=&#8221;left&#8221; row_border_radius=&#8221;none&#8221; row_border_radius_applies=&#8221;bg&#8221; overflow=&#8221;visible&#8221; disable_element=&#8221;yes&#8221; advanced_gradient_angle=&#8221;0&#8243; overlay_strength=&#8221;0.3&#8243; gradient_direction=&#8221;left_to_right&#8221; shape_divider_position=&#8221;bottom&#8221; bg_image_animation=&#8221;none&#8221; shape_type=&#8221;&#8221; gradient_type=&#8221;default&#8221;][vc_column column_padding=&#8221;no-extra-padding&#8221; column_padding_tablet=&#8221;inherit&#8221; column_padding_phone=&#8221;inherit&#8221; column_padding_position=&#8221;all&#8221; column_element_spacing=&#8221;default&#8221; background_color_opacity=&#8221;1&#8243; background_hover_color_opacity=&#8221;1&#8243; column_shadow=&#8221;none&#8221; column_border_radius=&#8221;none&#8221; column_link_target=&#8221;_self&#8221; column_position=&#8221;default&#8221; gradient_direction=&#8221;left_to_right&#8221; overlay_strength=&#8221;0.3&#8243; width=&#8221;1\/1&#8243; tablet_width_inherit=&#8221;default&#8221; tablet_text_alignment=&#8221;default&#8221; phone_text_alignment=&#8221;default&#8221; animation_type=&#8221;default&#8221; bg_image_animation=&#8221;none&#8221; border_type=&#8221;simple&#8221; column_border_width=&#8221;none&#8221; column_border_style=&#8221;solid&#8221;][vc_custom_heading text=&#8221;Captain you Need a Drone!<br \/>\nGet your Eyes in the Sky &#8211; Day or Night&#8221; font_container=&#8221;tag:h2|font_size:33|text_align:left|color:%23000000|line_height:40px&#8221; use_theme_fonts=&#8221;yes&#8221; css_animation=&#8221;fadeInDown&#8221;][\/vc_column][\/vc_row][vc_row type=&#8221;in_container&#8221; full_screen_row_position=&#8221;middle&#8221; column_margin=&#8221;default&#8221; column_direction=&#8221;default&#8221; column_direction_tablet=&#8221;default&#8221; column_direction_phone=&#8221;default&#8221; scene_position=&#8221;center&#8221; top_padding=&#8221;1%&#8221; bottom_padding=&#8221;0%&#8221; text_color=&#8221;dark&#8221; text_align=&#8221;left&#8221; row_border_radius=&#8221;none&#8221; row_border_radius_applies=&#8221;bg&#8221; overflow=&#8221;visible&#8221; advanced_gradient_angle=&#8221;0&#8243; overlay_strength=&#8221;0.3&#8243; gradient_direction=&#8221;left_to_right&#8221; shape_divider_position=&#8221;bottom&#8221; bg_image_animation=&#8221;none&#8221; shape_type=&#8221;&#8221; gradient_type=&#8221;default&#8221;][vc_column column_padding=&#8221;no-extra-padding&#8221; column_padding_tablet=&#8221;inherit&#8221; column_padding_phone=&#8221;inherit&#8221; column_padding_position=&#8221;all&#8221; column_element_spacing=&#8221;default&#8221; background_color_opacity=&#8221;1&#8243; background_hover_color_opacity=&#8221;1&#8243; column_shadow=&#8221;none&#8221; column_border_radius=&#8221;none&#8221; column_link_target=&#8221;_self&#8221; column_position=&#8221;default&#8221; advanced_gradient_angle=&#8221;0&#8243; gradient_direction=&#8221;left_to_right&#8221; overlay_strength=&#8221;0.3&#8243; width=&#8221;1\/1&#8243; tablet_width_inherit=&#8221;default&#8221; tablet_text_alignment=&#8221;default&#8221; phone_text_alignment=&#8221;default&#8221; animation_type=&#8221;default&#8221; enable_animation=&#8221;true&#8221; animation=&#8221;fade-in&#8221; bg_image_animation=&#8221;none&#8221; border_type=&#8221;simple&#8221; column_border_width=&#8221;none&#8221; column_border_style=&#8221;solid&#8221; gradient_type=&#8221;default&#8221;][vc_row_inner column_margin=&#8221;default&#8221; column_direction=&#8221;default&#8221; column_direction_tablet=&#8221;default&#8221; column_direction_phone=&#8221;default&#8221; text_align=&#8221;left&#8221; row_position=&#8221;default&#8221; row_position_tablet=&#8221;inherit&#8221; row_position_phone=&#8221;inherit&#8221; overflow=&#8221;visible&#8221; pointer_events=&#8221;all&#8221;][vc_column_inner column_padding=&#8221;no-extra-padding&#8221; column_padding_tablet=&#8221;inherit&#8221; column_padding_phone=&#8221;inherit&#8221; column_padding_position=&#8221;all&#8221; column_element_spacing=&#8221;default&#8221; background_color_opacity=&#8221;1&#8243; background_hover_color_opacity=&#8221;1&#8243; column_shadow=&#8221;none&#8221; column_border_radius=&#8221;none&#8221; column_link_target=&#8221;_self&#8221; gradient_direction=&#8221;left_to_right&#8221; overlay_strength=&#8221;0.3&#8243; width=&#8221;1\/1&#8243; tablet_width_inherit=&#8221;default&#8221; animation_type=&#8221;default&#8221; bg_image_animation=&#8221;none&#8221; border_type=&#8221;simple&#8221; column_border_width=&#8221;none&#8221; column_border_style=&#8221;solid&#8221;][vc_column_text] <span class=\"titleword\">Islas<\/span><span class=\"titledash\">\u00a0<\/span><span class=\"titleword\">Cook<\/span>[\/vc_column_text][\/vc_column_inner][\/vc_row_inner][vc_column_text css=&#8221;.vc_custom_1687252719886{padding-top: 10px !important;padding-right: 10px !important;padding-bottom: 10px !important;padding-left: 10px !important;background-color: #dbdbdb !important;border-radius: 10px !important;}&#8221;]<span style=\"color: #1961ae;\"><strong>Maritime Cook Islands<br \/>\n<\/strong><\/span><span style=\"color: #1961ae;\">Maritime Cook Islands (MCI) es una entidad corporativa responsable de proporcionar servicios de conformidad internacional para el registro, inspecci\u00f3n y certificaci\u00f3n de buques y la formaci\u00f3n y certificaci\u00f3n de marinos. El departamento de formaci\u00f3n y certificaci\u00f3n de la gente de mar de Maritime Cook Islands es responsable de la aplicaci\u00f3n del STCW en todo el registro de buques de las Islas Cook, para garantizar que toda la gente de mar que presta servicio a bordo de los buques de las Islas Cook est\u00e9 debidamente formada, cualificada y certificada de conformidad con las normas y requisitos del Convenio STCW enmendado.<\/span><\/p>\n<p><span style=\"color: #1961ae;\"><strong>Acreditaci\u00f3n<br \/>\n<\/strong><\/span><span style=\"color: #1961ae;\">El Centro hel\u00e9nico de formaci\u00f3n mar\u00edtima ALS tiene el orgullo de contar con la autorizaci\u00f3n de Maritime Cook Islands, proporcionando as\u00ed una certificaci\u00f3n de formaci\u00f3n avalada. Nuestra instituci\u00f3n ha sido plenamente acreditada por MCI para implementar los procedimientos de actualizaci\u00f3n o perfeccionamiento para la emisi\u00f3n de certificados de aptitud (COC), certificados de suficiencia (COP) y certificados de inscripci\u00f3n mar\u00edtima (CDC). Se aceptan solicitudes de COC y COP de las islas Cook para marinos que hayan completado su formaci\u00f3n en una instituci\u00f3n de formaci\u00f3n mar\u00edtima aprobada por las islas Cook. Dentro de esta perspectiva, nuestra instituci\u00f3n otorga la certificaci\u00f3n pretendida por MCI e imparte todos los cursos STCW dise\u00f1ados para oficiales y marineros de puente\/m\u00e1quinas a los precios m\u00e1s competitivos del mercado. Asimismo, nuestro centro de formaci\u00f3n opera bajo la norma ISO 9001:2015 aprobada por Bureau Veritas y acreditada por UKAS.<\/span><\/p>\n<p><span style=\"color: #1961ae;\">En consonancia con el compromiso de MCI de garantizar un transporte mar\u00edtimo seguro en oc\u00e9anos limpios, nuestro centro de formaci\u00f3n mar\u00edtima ofrece la gama de cursos funcionales, t\u00e9cnicos, de gesti\u00f3n y MLC m\u00e1s completa y a precios m\u00e1s competitivos, necesarios para actualizar los conocimientos, aptitudes y competencias de la gente de mar, y todo ello de conformidad con las disposiciones del Convenio STCW de 1978 enmendado (incluidas las enmiendas de Manila de 2010), SOLAS, MARPOL 73\/78 y MLC.<br \/>\n<\/span><br \/>\n<span style=\"color: #1961ae;\"><strong>Nuestro objetivo<\/strong><\/span><br \/>\n<span style=\"color: #1961ae;\">El mayor empe\u00f1o del Centro hel\u00e9nico de formaci\u00f3n mar\u00edtima ALS es promover la seguridad mar\u00edtima, la protecci\u00f3n y la concienciaci\u00f3n medioambiental, proporcionando a la gente de mar una educaci\u00f3n orientada a la carrera mar\u00edtima que conduzca a la obtenci\u00f3n de certificados expedidos por los Estados miembros de la Lista Blanca del Convenio STCW enmendado. Huelga destacar que los titulares de certificados expedidos por Maritime Cook Islands tienen una gran oportunidad de incorporarse a buques con derecho a enarbolar banderas que prestan servicio a la marina mercante en todo el mundo. <\/span>[\/vc_column_text][\/vc_column][\/vc_row][vc_row type=&#8221;in_container&#8221; full_screen_row_position=&#8221;middle&#8221; column_margin=&#8221;default&#8221; column_direction=&#8221;default&#8221; column_direction_tablet=&#8221;default&#8221; column_direction_phone=&#8221;default&#8221; bg_image=&#8221;6907&#8243; bg_image_tablet=&#8221;6920&#8243; bg_image_phone=&#8221;6920&#8243; bg_position=&#8221;left center&#8221; background_image_loading=&#8221;default&#8221; bg_repeat=&#8221;no-repeat&#8221; scene_position=&#8221;center&#8221; top_padding=&#8221;20%&#8221; constrain_group_1=&#8221;yes&#8221; bottom_padding=&#8221;20%&#8221; text_color=&#8221;dark&#8221; text_align=&#8221;left&#8221; row_border_radius=&#8221;none&#8221; row_border_radius_applies=&#8221;bg&#8221; overflow=&#8221;visible&#8221; enable_gradient=&#8221;true&#8221; color_overlay=&#8221;#ffffff&#8221; color_overlay_2=&#8221;#3a79ae&#8221; advanced_gradient_angle=&#8221;0&#8243; overlay_strength=&#8221;0.3&#8243; gradient_direction=&#8221;left_b_to_right_t&#8221; enable_shape_divider=&#8221;true&#8221; shape_divider_position=&#8221;top&#8221; shape_divider_height=&#8221;80px&#8221; bg_image_animation=&#8221;none&#8221; gradient_type=&#8221;default&#8221; shape_type=&#8221;waves_opacity_alt&#8221;][vc_column column_padding=&#8221;no-extra-padding&#8221; column_padding_tablet=&#8221;inherit&#8221; column_padding_phone=&#8221;inherit&#8221; column_padding_position=&#8221;all&#8221; column_element_spacing=&#8221;default&#8221; background_color_opacity=&#8221;1&#8243; background_hover_color_opacity=&#8221;1&#8243; column_shadow=&#8221;none&#8221; column_border_radius=&#8221;none&#8221; column_link_target=&#8221;_self&#8221; column_position=&#8221;default&#8221; gradient_direction=&#8221;left_to_right&#8221; overlay_strength=&#8221;0.3&#8243; width=&#8221;1\/1&#8243; tablet_width_inherit=&#8221;default&#8221; tablet_text_alignment=&#8221;default&#8221; phone_text_alignment=&#8221;default&#8221; animation_type=&#8221;default&#8221; bg_image_animation=&#8221;none&#8221; border_type=&#8221;simple&#8221; column_border_width=&#8221;none&#8221; column_border_style=&#8221;solid&#8221;][\/vc_column][\/vc_row]\n","protected":false},"excerpt":{"rendered":"<p>[vc_row type=&#8221;full_width_background&#8221; full_screen_row_position=&#8221;middle&#8221; column_margin=&#8221;default&#8221; column_direction=&#8221;default&#8221; column_direction_tablet=&#8221;default&#8221; column_direction_phone=&#8221;default&#8221; bg_image=&#8221;6903&#8243; bg_image_tablet=&#8221;6919&#8243; bg_image_phone=&#8221;6919&#8243; bg_position=&#8221;left center&#8221; background_image_loading=&#8221;default&#8221; bg_repeat=&#8221;no-repeat&#8221; scene_position=&#8221;center&#8221; top_padding=&#8221;12%&#8221; bottom_padding=&#8221;15%&#8221; text_color=&#8221;light&#8221; text_align=&#8221;left&#8221; row_border_radius=&#8221;none&#8221; row_border_radius_applies=&#8221;bg&#8221; overflow=&#8221;visible&#8221; class=&#8221;teseract&#8221; enable_gradient=&#8221;true&#8221; color_overlay=&#8221;#ffffff&#8221;&#8230;<\/p>\n","protected":false},"author":1,"featured_media":0,"parent":0,"menu_order":0,"comment_status":"closed","ping_status":"closed","template":"","meta":{"inline_featured_image":false,"footnotes":""},"class_list":["post-7622","page","type-page","status-publish"],"_links":{"self":[{"href":"https:\/\/maritimetraining.gr\/es\/wp-json\/wp\/v2\/pages\/7622","targetHints":{"allow":["GET"]}}],"collection":[{"href":"https:\/\/maritimetraining.gr\/es\/wp-json\/wp\/v2\/pages"}],"about":[{"href":"https:\/\/maritimetraining.gr\/es\/wp-json\/wp\/v2\/types\/page"}],"author":[{"embeddable":true,"href":"https:\/\/maritimetraining.gr\/es\/wp-json\/wp\/v2\/users\/1"}],"replies":[{"embeddable":true,"href":"https:\/\/maritimetraining.gr\/es\/wp-json\/wp\/v2\/comments?post=7622"}],"version-history":[{"count":4,"href":"https:\/\/maritimetraining.gr\/es\/wp-json\/wp\/v2\/pages\/7622\/revisions"}],"predecessor-version":[{"id":7623,"href":"https:\/\/maritimetraining.gr\/es\/wp-json\/wp\/v2\/pages\/7622\/revisions\/7623"}],"wp:attachment":[{"href":"https:\/\/maritimetraining.gr\/es\/wp-json\/wp\/v2\/media?parent=7622"}],"curies":[{"name":"wp","href":"https:\/\/api.w.org\/{rel}","templated":true}]}}